{"id":9371,"date":"2022-03-17T11:55:29","date_gmt":"2022-03-17T11:55:29","guid":{"rendered":"https:\/\/clinicacarriere.com\/legal-notice\/"},"modified":"2024-07-22T09:58:37","modified_gmt":"2024-07-22T09:58:37","slug":"legal-notice","status":"publish","type":"page","link":"https:\/\/clinicacarriere.com\/it\/legal-notice\/","title":{"rendered":"Avviso legale"},"content":{"rendered":"\t\t<div data-elementor-type=\"wp-page\" data-elementor-id=\"9371\" class=\"elementor elementor-9371 elementor-5653\" data-elementor-post-type=\"page\">\n\t\t\t\t\t\t<section class=\"elementor-section elementor-top-section elementor-element elementor-element-f3e4997 elementor-section-boxed elementor-section-height-default elementor-section-height-default edgtf-parallax-row-no edgtf-content-aligment-left edgtf-row-grid-no edgtf-disabled-bg-image-bellow-no\" data-id=\"f3e4997\" data-element_type=\"section\">\n\t\t\t\t\t\t<div class=\"elementor-container elementor-column-gap-default\">\n\t\t\t\t\t<div class=\"elementor-column elementor-col-100 elementor-top-column elementor-element elementor-element-cb76d65\" data-id=\"cb76d65\" data-element_type=\"column\">\n\t\t\t<div class=\"elementor-widget-wrap elementor-element-populated\">\n\t\t\t\t\t\t<div class=\"elementor-element elementor-element-4ffdd97 elementor-widget elementor-widget-heading\" data-id=\"4ffdd97\" data-element_type=\"widget\" data-widget_type=\"heading.default\">\n\t\t\t\t<div class=\"elementor-widget-container\">\n\t\t\t\t\t<h2 class=\"elementor-heading-title elementor-size-default\">Avviso legale<\/h2>\t\t\t\t<\/div>\n\t\t\t\t<\/div>\n\t\t\t\t<div class=\"elementor-element elementor-element-f3c4e01 elementor-widget elementor-widget-text-editor\" data-id=\"f3c4e01\" data-element_type=\"widget\" data-widget_type=\"text-editor.default\">\n\t\t\t\t<div class=\"elementor-widget-container\">\n\t\t\t\t\t\t\t\t\t<h4>1. Introduzione e dettagli aziendali<\/h4><p>Questi sono i termini e le condizioni d&#8217;uso del sito web ospitato all&#8217;indirizzo <strong><a href=\"https:\/\/clinicacarriere.com\/it\/\">www.clinicacarriere.com<\/a><\/strong> (il &#8220;Sito&#8221;), di propriet\u00e0 di Orthodontic Research and Development, S.L., una societ\u00e0 spagnola con sede legale in calle San Pedro Claver 22, bajos, 08017 Barcellona (Spagna), con Codice di Identificazione Fiscale B63545545 e iscritta al Registro Mercantile di Barcellona, foglio 103, volume 36751, pagina n\u00ba B-285264 (la &#8220;Societ\u00e0&#8221;).<\/p><p>Il Dr. Luis Carriere \u00e8 membro del Collegio dei Dentisti e Stomatologi della Catalogna, con numero di iscrizione 2030, e si \u00e8 laureato in Odontoiatria presso l&#8217;Universit\u00e0 Complutense di Madrid. Lo Stato dell&#8217;Unione Europea in cui \u00e8 stato rilasciato il tuo titolo di studio \u00e8 la Spagna. Lo standard professionale che regola questa professione \u00e8 il Codice Etico e Deontologico Odontoiatrico Spagnolo, consultabile qui <a href=\"https:\/\/www.codes.es\/wp-content\/uploads\/2018\/02\/codigo.pdf\" target=\"_blank\" rel=\"noopener\"><strong>qui<\/strong><\/a>.<\/p><p>Per comunicare direttamente ed efficacemente con la Societ\u00e0, puoi contattarci via e-mail all&#8217;indirizzo <a href=\"mailto:clinica@carriere.es\" target=\"_blank\" rel=\"noopener\">clinica@carriere.es<\/a> o telefonicamente al numero +34 93 417 19 17.<\/p><h4>2. Oggetto e ambito di applicazione<\/h4><p>Le presenti Condizioni d&#8217;uso regolano l&#8217;accesso e l&#8217;utilizzo dei contenuti e dei servizi offerti dalla Societ\u00e0 attraverso il Sito web. In qualsiasi momento, la Societ\u00e0 si riserva il diritto di modificare la presentazione, la configurazione e il contenuto del Sito web, nonch\u00e9 le condizioni richieste per l&#8217;accesso e l&#8217;utilizzo del Sito web. L&#8217;accesso e l&#8217;utilizzo del Sito Web dopo l&#8217;entrata in vigore delle modifiche al suo contenuto e\/o alle sue Condizioni d&#8217;uso implica l&#8217;accettazione delle stesse.<\/p><p>L&#8217;accesso, la navigazione e l&#8217;utilizzo del Sito comportano e implicano l&#8217;accettazione da parte dell&#8217;utente del Sito (l'&#8221;Utente&#8221;) delle presenti Condizioni d&#8217;uso.<\/p><p>Attraverso il Sito, l&#8217;Utente potr\u00e0 usufruire delle seguenti funzionalit\u00e0:<\/p><p>&#8211; Informazioni aziendali sulla Societ\u00e0.<br>&#8211; Informazioni sui prodotti, i servizi e le attivit\u00e0 della Societ\u00e0.<br>&#8211; Inviare richieste di informazioni e\/o consultazioni attraverso i canali abilitati sul Web, in conformit\u00e0 con le disposizioni contenute nella <a href=\"https:\/\/clinicacarriere.com\/it\/privacy-policy\/\"><strong>Informativa sulla privacy<\/strong><\/a>.<\/p><p>L&#8217;accesso al Sito \u00e8 gratuito, ad eccezione dei costi di connessione attraverso la rete di telecomunicazioni fornita dal fornitore di accesso contrattato dall&#8217;Utente.<\/p><h4>3. Obblighi dell&#8217;Utente<\/h4><p>L&#8217;Utente si impegna a:<\/p><p>&#8211; Accedere e utilizzare il Sito Web in conformit\u00e0 alle disposizioni delle presenti Condizioni d&#8217;uso.<br>&#8211; Accettare e rispettare le disposizioni delle presenti Condizioni d&#8217;uso e di tutti i documenti che ne costituiscono parte integrante.<br>&#8211; Utilizzare i contenuti, i materiali e le informazioni disponibili solo per uso interno e personale e non per un&#8217;ulteriore distribuzione, pubblicazione, esposizione pubblica, preparazione di opere derivate o per facilitare l&#8217;esecuzione di queste attivit\u00e0 in qualsiasi altro modo.<br>&#8211; Mancato utilizzo di contenuti, materiali e informazioni disponibili per il processo decisionale.<br>&#8211; Non alterare o manipolare in alcun modo i contenuti del sito web.<br>&#8211; Non memorizzare o comunicare attraverso il sito web contenuti contrari alla legislazione vigente, alla morale, all&#8217;ordine pubblico, nonch\u00e9 quelli diffamatori, aggressivi, osceni, sessualmente espliciti, offensivi, violenti o che incitano alla violenza, al razzismo o alla xenofobia, o in generale illegali o lesivi dei diritti e\/o dell&#8217;integrit\u00e0 fisica e\/o morale delle persone.<br>&#8211; Non diffondere i dati personali di altri Utenti o di terzi, senza avere la legittimit\u00e0 di farlo in conformit\u00e0 alla normativa vigente.<br>&#8211; Non diffamare, abusare, molestare, perseguitare, minacciare o violare in altro modo i diritti di altri Utenti o di altre persone.<br>&#8211; Non rimuovere o tentare di rimuovere le misure di sicurezza adottate e implementate sul Sito.<br>&#8211; Rispettare le disposizioni della legislazione vigente.<\/p><h4>4. Diritti di propriet\u00e0 intellettuale e industriale<\/h4><p>La Societ\u00e0 possiede o ha ottenuto la corrispondente licenza sui diritti di sfruttamento della propriet\u00e0 intellettuale e industriale del Sito web, nonch\u00e9 i diritti di propriet\u00e0 intellettuale e industriale sul layout dei contenuti del Sito web (diritto sui generis sul database), il suo design grafico (look &amp; feel), i programmi informatici sottostanti (compresi i codici sorgente), nonch\u00e9 i diversi elementi che compongono il Sito web (testi, grafici, fotografie, video, registrazioni sonore, ecc.<\/p><p>In nessun caso l&#8217;accesso, la navigazione, l&#8217;uso, l&#8217;hosting e\/o il download di contenuti, materiali e informazioni dal Sito web possono essere intesi come una rinuncia o un trasferimento totale o parziale dei suddetti diritti da parte della Societ\u00e0 o, se del caso, del titolare dei diritti corrispondenti. L&#8217;Utente \u00e8 autorizzato a utilizzare i diritti di propriet\u00e0 intellettuale e industriale solo allo scopo esclusivo di accedere ai contenuti, ai materiali e alle informazioni offerte attraverso il Sito.<\/p><p>Di conseguenza, non \u00e8 consentito rimuovere, eludere o manipolare l&#8217;avviso di copyright e qualsiasi altro dato che identifichi i diritti della Societ\u00e0 o dei rispettivi proprietari incorporato nei contenuti, n\u00e9 i dispositivi tecnici di protezione o qualsiasi informazione e\/o meccanismo di identificazione che possa essere contenuto in essi.<\/p><p>In particolare, \u00e8 severamente vietato utilizzare i contenuti del Sito per inserirli, in tutto o in parte, in altri siti web al di fuori del Sito senza la preventiva autorizzazione scritta della Societ\u00e0, o decodificare, decompilare, disassemblare, combinare, copiare, utilizzare, divulgare, vendere o trasferire il software di base del Sito, a meno che non sia stata ottenuta la preventiva autorizzazione scritta da parte della Societ\u00e0 o sia consentito dalla legge applicabile.<\/p><p>I riferimenti a nomi commerciali e marchi, loghi o altri segni distintivi, registrati o meno, di propriet\u00e0 della Societ\u00e0 o di terzi, implicano il divieto di utilizzarli senza il consenso della Societ\u00e0 o dei legittimi proprietari. In nessun caso, se non espressamente indicato, l&#8217;accesso o l&#8217;utilizzo del Sito web e\/o dei suoi contenuti, materiali e informazioni conferisce all&#8217;Utente alcun diritto sui marchi, loghi e\/o segni distintivi in esso contenuti e protetti dalla legge.<\/p><p>Tutti i diritti di propriet\u00e0 intellettuale e industriale sono riservati e, in particolare, \u00e8 vietato modificare, copiare, riutilizzare, sfruttare, riprodurre, trasformare, comunicare pubblicamente, effettuare pubblicazioni secondarie o successive, caricare file, inviare per posta, trasmettere, utilizzare, elaborare o distribuire in qualsiasi modo tutti o parte dei contenuti inclusi nel Sito per scopi pubblici o commerciali, senza la previa autorizzazione scritta della Societ\u00e0 o, se del caso, del titolare dei diritti corrispondenti.<\/p><p>Gli Utenti dovranno tenere indenne la Societ\u00e0, nonch\u00e9 i suoi licenziatari terzi, da qualsiasi reclamo che possa essere ricevuto da terzi i cui diritti di propriet\u00e0 intellettuale e\/o industriale possano essere stati violati dall&#8217;uso che gli Utenti ne hanno fatto.<\/p><h4>5. Responsabilit\u00e0<\/h4><p>La Societ\u00e0 non pu\u00f2 garantire l&#8217;affidabilit\u00e0, l&#8217;utilit\u00e0 o la veridicit\u00e0 delle informazioni fornite attraverso il Sito.<\/p><p>Di conseguenza, la Societ\u00e0 non garantisce e non sar\u00e0 responsabile per: (i) la continuit\u00e0 dei contenuti, dei materiali e delle informazioni presenti sul Sito; (ii) l&#8217;assenza di errori in tali contenuti; (iii) l&#8217;assenza di virus e\/o altri componenti dannosi sul Sito o sul server che lo fornisce; (iv) l&#8217;invulnerabilit\u00e0 del Sito e\/o l&#8217;inespugnabilit\u00e0 delle misure di sicurezza adottate; (v) la mancanza di utilit\u00e0 o di prestazioni dei contenuti, dei materiali e delle informazioni presenti sul Sito, e (vi) qualsiasi danno o pregiudizio causato, a se stessi o a terzi, da qualsiasi persona che violi le condizioni, le regole e le istruzioni stabilite dalla Societ\u00e0 sul Sito web o attraverso la violazione dei sistemi di sicurezza del Sito web.<\/p><p>Fermo restando quanto sopra, la Societ\u00e0 dichiara di aver adottato tutte le misure necessarie, nell&#8217;ambito delle proprie possibilit\u00e0 e dello stato della tecnologia, per garantire il funzionamento del Sito e per evitare l&#8217;esistenza e la trasmissione di virus e altri componenti dannosi agli Utenti. Nel caso in cui l&#8217;Utente venga a conoscenza dell&#8217;esistenza di contenuti illeciti o illegali o che possano comportare una violazione dei diritti di propriet\u00e0 intellettuale e\/o industriale, \u00e8 tenuto a darne immediata comunicazione alla Societ\u00e0 affinch\u00e9 questa possa procedere ad adottare le misure del caso.<\/p><h4>6. Contenuto<\/h4><p>I materiali, i contenuti e qualsiasi altra informazione presente sul Sito sono esclusivamente a scopo informativo e non sono sufficienti per consentire all&#8217;Utente di prendere decisioni.<\/p><h4>7. Politica di collegamento<\/h4><h6>7.1 Collegamenti ad altri siti web<\/h6><p>Per aiutare gli Utenti a trovare le informazioni di loro interesse, il Sito web pu\u00f2 offrire collegamenti ad altri siti web attraverso pulsanti, banner, link, ecc. gestiti da terze parti. La Societ\u00e0 non ha il potere n\u00e9 i mezzi umani o tecnici per conoscere, controllare o approvare tutte le informazioni, i contenuti, i prodotti o i servizi forniti da altri siti web ai quali si collega dal Sito.<\/p><p>Di conseguenza, la Societ\u00e0 non si assume alcuna responsabilit\u00e0 per qualsiasi aspetto relativo al sito web a cui si pu\u00f2 stabilire un link dal Sito, in particolare, ma non solo, per il suo funzionamento, l&#8217;accesso, i dati, le informazioni, i file, la qualit\u00e0 e l&#8217;affidabilit\u00e0 dei suoi prodotti e servizi, i suoi stessi link e\/o qualsiasi suo contenuto, in generale.<\/p><p>A questo proposito, se gli Utenti si rendono conto dell&#8217;illiceit\u00e0 delle attivit\u00e0 svolte attraverso questi siti web di terzi, devono informare immediatamente la Societ\u00e0 affinch\u00e9 questa possa procedere alla disabilitazione del link di accesso agli stessi.<\/p><p>La creazione di qualsiasi tipo di link dal Sito web a un altro sito web non implica alcun tipo di rapporto, collaborazione o dipendenza tra la Societ\u00e0 e il responsabile del sito web esterno.<\/p><h6>7.2 Collegamenti al Sito Web da parte di altri siti web<\/h6><p>Se un Utente o un&#8217;entit\u00e0 desidera stabilire un qualsiasi tipo di collegamento al Sito web, deve attenersi alle seguenti disposizioni:<\/p><p>&#8211; Il link pu\u00f2 portare solo alla home page del Sito web, salvo autorizzazione scritta della Societ\u00e0.<br>&#8211; Il link deve essere assoluto e completo, cio\u00e8 deve portare l&#8217;utente, tramite un click, all&#8217;indirizzo URL del sito web a cui si riferisce e deve coprire completamente l&#8217;intera schermata della pagina principale del sito web in questione. In nessun caso, salvo autorizzazione scritta della Societ\u00e0, il sito web che effettua il link pu\u00f2 riprodurre in alcun modo il Sito, includerlo come parte del proprio sito o all&#8217;interno di una delle proprie &#8220;cornici&#8221; o creare un &#8220;browser&#8221; su una qualsiasi delle pagine del Sito.<br>&#8211; La pagina in cui viene stabilito il link non pu\u00f2 indicare in alcun modo che la Societ\u00e0 ha autorizzato tale link, a meno che la Societ\u00e0 non lo abbia fatto per iscritto. Se il terzo che effettua il collegamento dalla propria pagina al Sito web desidera includere correttamente nella propria pagina web il marchio, il nome, il nome commerciale, l&#8217;insegna, il logo, lo slogan o qualsiasi altro tipo di elemento identificativo della Societ\u00e0 e\/o del Sito web, deve essere preventivamente autorizzato per iscritto dalla Societ\u00e0.<br>&#8211; La Societ\u00e0 non autorizza la creazione di un link al Sito web da quelle pagine web che contengono materiali, informazioni o contenuti illeciti, illegali, degradanti, osceni e, in generale, che contravvengono alla morale, all&#8217;ordine pubblico o alle norme sociali generalmente accettate.<\/p><h4>8. Comunicazioni commerciali non richieste via e-mail (spam)<\/h4><p>La Societ\u00e0 vieta l&#8217;uso del Sito web per generare o inviare comunicazioni commerciali non richieste via e-mail. Se la Societ\u00e0 ritiene che determinate informazioni possano essere di interesse per l&#8217;Utente, si riserva il diritto di inviare tali informazioni via e-mail, a condizione che sia sufficientemente legittimata a farlo, offrendo in ogni caso all&#8217;Utente la possibilit\u00e0 di cancellarsi da questo servizio.<\/p><h4>9. Modifica dei Termini d&#8217;uso<\/h4><p>La Societ\u00e0 pu\u00f2 modificare i termini e le condizioni qui esposti, in tutto o in parte, pubblicando le modifiche nello stesso modo in cui appaiono i presenti Termini d&#8217;uso o attraverso qualsiasi tipo di comunicazione rivolta agli Utenti.<\/p><p>La validit\u00e0 temporanea delle Condizioni d&#8217;uso coincide, quindi, con il tempo in cui esse rimangono a disposizione degli Utenti fino alla loro modifica totale o parziale, momento in cui entreranno in vigore le Condizioni d&#8217;uso modificate. Fatto salvo quanto sopra, l&#8217;accesso degli Utenti al Sito Web implica l&#8217;accettazione espressa delle modifiche apportate alle presenti Condizioni d&#8217;uso.<\/p><p>La Societ\u00e0 pu\u00f2 interrompere, sospendere o interrompere, in qualsiasi momento e senza preavviso, l&#8217;accesso ai contenuti, ai materiali e alle informazioni del Sito, senza che gli Utenti possano pretendere alcun risarcimento. Dopo la cessazione della causa di sospensione o interruzione, continueranno ad applicarsi i divieti di utilizzo dei contenuti, dei materiali e delle informazioni sopra indicati nelle presenti Condizioni d&#8217;uso.<\/p><h4>10. Generale<\/h4><p>I titoli delle singole clausole hanno scopo puramente informativo e non pregiudicano, qualificano o estendono l&#8217;interpretazione delle presenti Condizioni d&#8217;uso.<\/p><p>Nel caso in cui una o pi\u00f9 disposizioni delle presenti Condizioni d&#8217;uso siano ritenute non valide o non applicabili, in tutto o in parte, da una corte, un tribunale o un organo amministrativo competente, tale invalidit\u00e0 o inapplicabilit\u00e0 non pregiudicher\u00e0 le restanti disposizioni delle Condizioni d&#8217;uso.<\/p><p>Il mancato esercizio o applicazione da parte della Societ\u00e0 di qualsiasi diritto o disposizione delle presenti Condizioni d&#8217;uso non costituir\u00e0 una rinuncia allo stesso, a meno che non sia riconosciuto e concordato per iscritto dalla Societ\u00e0.<\/p><h4>11. Legge applicabile e giurisdizione<\/h4><p>I rapporti instaurati tra la Societ\u00e0 e l&#8217;Utente saranno disciplinati dalle leggi del Regno di Spagna, fermo restando che altre legislazioni potranno essere applicabili in virt\u00f9 delle disposizioni della legislazione spagnola e comunitaria in vigore in relazione alla legislazione applicabile e alla giurisdizione competente. Tuttavia, nei casi in cui il regolamento preveda la possibilit\u00e0 che le parti si sottomettano a una giurisdizione, la Societ\u00e0 e gli Utenti, rinunciando espressamente a qualsiasi altra giurisdizione a cui possano avere diritto, sottoporranno qualsiasi controversia e\/o contenzioso alla giurisdizione delle Corti e dei Tribunali della citt\u00e0 di Barcellona.<\/p><p><strong>Data di istituzione<\/strong>: luglio 2024<\/p>\t\t\t\t\t\t\t\t<\/div>\n\t\t\t\t<\/div>\n\t\t\t\t\t<\/div>\n\t\t<\/div>\n\t\t\t\t\t<\/div>\n\t\t<\/section>\n\t\t\t\t<\/div>\n\t\t","protected":false},"excerpt":{"rendered":"<p>1. Introduzione e dettagli aziendali Questi sono i termini e le condizioni d&#8217;uso del sito web ospitato all&#8217;indirizzo www.clinicacarriere.com (il &#8220;Sito&#8221;), di propriet\u00e0 di Orthodontic Research and Development, S.L., una societ\u00e0 spagnola con sede legale in calle San Pedro Claver [&hellip;]<\/p>\n","protected":false},"author":3,"featured_media":0,"parent":0,"menu_order":0,"comment_status":"closed","ping_status":"closed","template":"","meta":{"om_disable_all_campaigns":false,"inline_featured_image":false,"footnotes":""},"class_list":["post-9371","page","type-page","status-publish","hentry"],"aioseo_notices":[],"_links":{"self":[{"href":"https:\/\/clinicacarriere.com\/it\/wp-json\/wp\/v2\/pages\/9371","targetHints":{"allow":["GET"]}}],"collection":[{"href":"https:\/\/clinicacarriere.com\/it\/wp-json\/wp\/v2\/pages"}],"about":[{"href":"https:\/\/clinicacarriere.com\/it\/wp-json\/wp\/v2\/types\/page"}],"author":[{"embeddable":true,"href":"https:\/\/clinicacarriere.com\/it\/wp-json\/wp\/v2\/users\/3"}],"replies":[{"embeddable":true,"href":"https:\/\/clinicacarriere.com\/it\/wp-json\/wp\/v2\/comments?post=9371"}],"version-history":[{"count":3,"href":"https:\/\/clinicacarriere.com\/it\/wp-json\/wp\/v2\/pages\/9371\/revisions"}],"predecessor-version":[{"id":9951,"href":"https:\/\/clinicacarriere.com\/it\/wp-json\/wp\/v2\/pages\/9371\/revisions\/9951"}],"wp:attachment":[{"href":"https:\/\/clinicacarriere.com\/it\/wp-json\/wp\/v2\/media?parent=9371"}],"curies":[{"name":"wp","href":"https:\/\/api.w.org\/{rel}","templated":true}]}}