{"id":9076,"date":"2022-02-21T09:27:23","date_gmt":"2022-02-21T09:27:23","guid":{"rendered":"https:\/\/clinicacarriere.com\/kontakt\/"},"modified":"2025-07-07T13:37:04","modified_gmt":"2025-07-07T13:37:04","slug":"kontakt","status":"publish","type":"page","link":"https:\/\/clinicacarriere.com\/de\/kontakt\/","title":{"rendered":"Kontakt"},"content":{"rendered":"\t\t<div data-elementor-type=\"wp-page\" data-elementor-id=\"9076\" class=\"elementor elementor-9076 elementor-4323\" data-elementor-post-type=\"page\">\n\t\t\t\t\t\t<section class=\"elementor-section elementor-top-section elementor-element elementor-element-536f2eb elementor-section-full_width elementor-reverse-tablet elementor-reverse-mobile elementor-section-height-min-height elementor-section-height-default elementor-section-items-middle edgtf-parallax-row-no edgtf-content-aligment-left edgtf-row-grid-no edgtf-disabled-bg-image-bellow-no\" data-id=\"536f2eb\" data-element_type=\"section\">\n\t\t\t\t\t\t<div class=\"elementor-container elementor-column-gap-default\">\n\t\t\t\t\t<div class=\"elementor-column elementor-col-50 elementor-top-column elementor-element elementor-element-1bb6b1f hei2\" data-id=\"1bb6b1f\" data-element_type=\"column\" data-settings=\"{&quot;background_background&quot;:&quot;classic&quot;}\">\n\t\t\t<div class=\"elementor-widget-wrap elementor-element-populated\">\n\t\t\t\t\t\t<div class=\"elementor-element elementor-element-74ce96c elementor-widget elementor-widget-heading\" data-id=\"74ce96c\" data-element_type=\"widget\" data-widget_type=\"heading.default\">\n\t\t\t\t<div class=\"elementor-widget-container\">\n\t\t\t\t\t<h1 class=\"elementor-heading-title elementor-size-default\"><a href=\"https:\/\/www.google.com\/maps\/dir\/\/clinica+carriere+maps\/data=!4m6!4m5!1m1!4e2!1m2!1m1!1s0x12a49815f294e4eb:0xf29894068cfbbcc6?sa=X&amp;ved=2ahUKEwj_3_-gjsv2AhXSOuwKHSw3AgMQ9Rd6BAgzEAQ\">Escoles P\u00edes, 109<br>08017 Barcelona<br>(+34) 934 171 917<br><\/a>\n<a href=\"mailto:clinica@carriere.es\">clinica@carriere.es<\/a><\/h1>\t\t\t\t<\/div>\n\t\t\t\t<\/div>\n\t\t\t\t\t<\/div>\n\t\t<\/div>\n\t\t\t\t<div class=\"elementor-column elementor-col-50 elementor-top-column elementor-element elementor-element-263304d\" data-id=\"263304d\" data-element_type=\"column\">\n\t\t\t<div class=\"elementor-widget-wrap elementor-element-populated\">\n\t\t\t\t\t\t<div class=\"elementor-element elementor-element-15f824c elementor-button-align-start elementor-invisible elementor-widget elementor-widget-form\" data-id=\"15f824c\" data-element_type=\"widget\" data-settings=\"{&quot;step_next_label&quot;:&quot;Folgen Sie&quot;,&quot;step_previous_label&quot;:&quot;Vorherige&quot;,&quot;_animation&quot;:&quot;fadeIn&quot;,&quot;button_width&quot;:&quot;100&quot;,&quot;step_type&quot;:&quot;number_text&quot;,&quot;step_icon_shape&quot;:&quot;circle&quot;}\" data-widget_type=\"form.default\">\n\t\t\t\t<div class=\"elementor-widget-container\">\n\t\t\t\t\t\t\t<form class=\"elementor-form\" method=\"post\" name=\"Neue Form\" aria-label=\"Neue Form\">\n\t\t\t<input type=\"hidden\" name=\"post_id\" value=\"9076\"\/>\n\t\t\t<input type=\"hidden\" name=\"form_id\" value=\"15f824c\"\/>\n\t\t\t<input type=\"hidden\" name=\"referer_title\" value=\"\" \/>\n\n\t\t\t\n\t\t\t<div class=\"elementor-form-fields-wrapper elementor-labels-\">\n\t\t\t\t\t\t\t\t<div class=\"elementor-field-type-step elementor-field-group elementor-column elementor-field-group-field_0ddbb06 elementor-col-100\">\n\t\t\t\t\t\t\t<div class=\"e-field-step elementor-hidden\" data-label=\"\" data-previousButton=\"\" data-nextButton=\"\" data-iconUrl=\"\" data-iconLibrary=\"fas fa-star\" data-icon=\"\" ><\/div>\n\n\t\t\t\t\t\t<\/div>\n\t\t\t\t\t\t\t\t<div class=\"elementor-field-type-text elementor-field-group elementor-column elementor-field-group-name elementor-col-100 elementor-field-required\">\n\t\t\t\t\t\t\t\t\t\t\t\t<label for=\"form-field-name\" class=\"elementor-field-label elementor-screen-only\">\n\t\t\t\t\t\t\t\tName\t\t\t\t\t\t\t<\/label>\n\t\t\t\t\t\t\t\t\t\t\t\t\t\t<input size=\"1\" type=\"text\" name=\"form_fields[name]\" id=\"form-field-name\" class=\"elementor-field elementor-size-sm  elementor-field-textual\" placeholder=\"Wie lautet Ihr vollst\u00e4ndiger Name?\" required=\"required\">\n\t\t\t\t\t\t\t\t\t\t\t<\/div>\n\t\t\t\t\t\t\t\t<div class=\"elementor-field-type-step elementor-field-group elementor-column elementor-field-group-email elementor-col-100\">\n\t\t\t\t\t\t\t<div class=\"e-field-step elementor-hidden\" data-label=\"\" data-previousButton=\"\" data-nextButton=\"\" data-iconUrl=\"\" data-iconLibrary=\"fas fa-star\" data-icon=\"\" ><\/div>\n\n\t\t\t\t\t\t<\/div>\n\t\t\t\t\t\t\t\t<div class=\"elementor-field-type-email elementor-field-group elementor-column elementor-field-group-field_6b1a223 elementor-col-100 elementor-field-required\">\n\t\t\t\t\t\t\t\t\t\t\t\t<label for=\"form-field-field_6b1a223\" class=\"elementor-field-label elementor-screen-only\">\n\t\t\t\t\t\t\t\tE-Mail\t\t\t\t\t\t\t<\/label>\n\t\t\t\t\t\t\t\t\t\t\t\t\t\t<input size=\"1\" type=\"email\" name=\"form_fields[field_6b1a223]\" id=\"form-field-field_6b1a223\" class=\"elementor-field elementor-size-sm  elementor-field-textual\" placeholder=\"Was ist mit Ihrer E-Mail?\" required=\"required\">\n\t\t\t\t\t\t\t\t\t\t\t<\/div>\n\t\t\t\t\t\t\t\t<div class=\"elementor-field-type-step elementor-field-group elementor-column elementor-field-group-message elementor-col-100\">\n\t\t\t\t\t\t\t<div class=\"e-field-step elementor-hidden\" data-label=\"\" data-previousButton=\"\" data-nextButton=\"\" data-iconUrl=\"\" data-iconLibrary=\"fas fa-star\" data-icon=\"\" ><\/div>\n\n\t\t\t\t\t\t<\/div>\n\t\t\t\t\t\t\t\t<div class=\"elementor-field-type-tel elementor-field-group elementor-column elementor-field-group-field_be447ac elementor-col-100 elementor-field-required\">\n\t\t\t\t\t\t\t\t\t\t\t\t<label for=\"form-field-field_be447ac\" class=\"elementor-field-label elementor-screen-only\">\n\t\t\t\t\t\t\t\tTel.\t\t\t\t\t\t\t<\/label>\n\t\t\t\t\t\t\t\t<input size=\"1\" type=\"tel\" name=\"form_fields[field_be447ac]\" id=\"form-field-field_be447ac\" class=\"elementor-field elementor-size-sm  elementor-field-textual\" placeholder=\"K\u00f6nnen Sie uns eine Telefonnummer hinterlassen?\" required=\"required\" pattern=\"[0-9()#&amp;+*-=.]+\" title=\"Nur Nummern oder Telefon-Zeichen (#, -, *, etc) werden akzeptiert.\">\n\n\t\t\t\t\t\t<\/div>\n\t\t\t\t\t\t\t\t<div class=\"elementor-field-type-step elementor-field-group elementor-column elementor-field-group-field_027370e elementor-col-100\">\n\t\t\t\t\t\t\t<div class=\"e-field-step elementor-hidden\" data-label=\"\" data-previousButton=\"\" data-nextButton=\"\" data-iconUrl=\"\" data-iconLibrary=\"fas fa-star\" data-icon=\"\" ><\/div>\n\n\t\t\t\t\t\t<\/div>\n\t\t\t\t\t\t\t\t<div class=\"elementor-field-type-textarea elementor-field-group elementor-column elementor-field-group-field_316ef71 elementor-col-100 elementor-field-required\">\n\t\t\t\t\t\t\t\t\t\t\t\t<label for=\"form-field-field_316ef71\" class=\"elementor-field-label elementor-screen-only\">\n\t\t\t\t\t\t\t\tNachricht\t\t\t\t\t\t\t<\/label>\n\t\t\t\t\t\t<textarea class=\"elementor-field-textual elementor-field  elementor-size-sm\" name=\"form_fields[field_316ef71]\" id=\"form-field-field_316ef71\" rows=\"4\" placeholder=\"Schreiben Sie Ihre Nachricht und dr\u00fccken Sie auf Senden!\" required=\"required\"><\/textarea>\t\t\t\t<\/div>\n\t\t\t\t\t\t\t\t<div class=\"elementor-field-type-acceptance elementor-field-group elementor-column elementor-field-group-field_4e7196e elementor-col-100 elementor-field-required\">\n\t\t\t\t\t\t\t\t\t\t\t\t<label for=\"form-field-field_4e7196e\" class=\"elementor-field-label elementor-screen-only\">\n\t\t\t\t\t\t\t\tGDPR\t\t\t\t\t\t\t<\/label>\n\t\t\t\t\t\t\t\t<div class=\"elementor-field-subgroup\">\n\t\t\t<span class=\"elementor-field-option\">\n\t\t\t\t<input type=\"checkbox\" name=\"form_fields[field_4e7196e]\" id=\"form-field-field_4e7196e\" class=\"elementor-field elementor-size-sm  elementor-acceptance-field\" required=\"required\">\n\t\t\t\t<label for=\"form-field-field_4e7196e\">Indem ich auf die Schaltfl\u00e4che \"Absenden\" klicke, erkl\u00e4re ich, dass ich dar\u00fcber informiert bin, dass meine Daten wie in den Datenschutzinformationen beschrieben verwendet werden. Wenn ich Gesundheitsdaten zur Verf\u00fcgung stelle, erkl\u00e4re ich mich ausdr\u00fccklich mit der Verarbeitung dieser Daten in \u00dcbereinstimmung mit den Bestimmungen der Informationen von  \n<a href=\"https:\/\/clinicacarriere.com\/de\/privacy-policy\/\">Datenschutz<\/a>.<\/label>\t\t\t<\/span>\n\t\t<\/div>\n\t\t\t\t\t\t<\/div>\n\t\t\t\t\t\t\t\t<div class=\"elementor-field-type-recaptcha_v3 elementor-field-group elementor-column elementor-field-group-field_6b8b2ba elementor-col-100 recaptcha_v3-bottomright\">\n\t\t\t\t\t<div class=\"elementor-field\" id=\"form-field-field_6b8b2ba\"><div class=\"elementor-g-recaptcha\" data-sitekey=\"6Lee7norAAAAAJCJS_Hb1AkKWQGdJSNOX1dCpt6A\" data-type=\"v3\" data-action=\"Form\" data-badge=\"bottomright\" data-size=\"invisible\"><\/div><\/div>\t\t\t\t<\/div>\n\t\t\t\t\t\t\t\t<div class=\"elementor-field-group elementor-column elementor-field-type-submit elementor-col-100 e-form__buttons\">\n\t\t\t\t\t<button class=\"elementor-button elementor-size-sm\" type=\"submit\">\n\t\t\t\t\t\t<span class=\"elementor-button-content-wrapper\">\n\t\t\t\t\t\t\t\t\t\t\t\t\t\t\t\t\t\t\t\t\t\t<span class=\"elementor-button-text\">Senden<\/span>\n\t\t\t\t\t\t\t\t\t\t\t\t\t<\/span>\n\t\t\t\t\t<\/button>\n\t\t\t\t<\/div>\n\t\t\t<\/div>\n\t\t<\/form>\n\t\t\t\t\t\t<\/div>\n\t\t\t\t<\/div>\n\t\t\t\t<div class=\"elementor-element elementor-element-9224e74 elementor-widget elementor-widget-text-editor\" data-id=\"9224e74\" data-element_type=\"widget\" data-widget_type=\"text-editor.default\">\n\t\t\t\t<div class=\"elementor-widget-container\">\n\t\t\t\t\t\t\t\t\t<\/br>\n<\/br>\nI<b>nhaber der Datenverarbeitung:<\/b> Orthodontic Research and Development, S.L.<b>Zweck:<\/b> Ihre pers\u00f6nlichen Daten werden verarbeitet, um Ihre Anfragen nach Informationen, Vorschl\u00e4gen und\/oder Anfragen zu bearbeiten.<b>Rechtsgrundlage:<\/b><\/br>\n<\/br>\n Berechtigtes Interesse.<b>Empf\u00e4nger:<\/b> Lieferanten von technologischen Produkten und Dienstleistungen.<b>Rechte:<\/b><\/br>\n Zugang, Berichtigung und L\u00f6schung sowie weitere Rechte, die Sie in den zus\u00e4tzlichen Informationen nachlesen k\u00f6nnen.<b>Zus\u00e4tzliche Informationen:<\/b> Sie k\u00f6nnen sie <a style=\"text-decoration: underline;\" href=\"https:\/\/clinicacarriere.com\/de\/privacy-policy\/\">hier<\/a> einsehen.\t\t\t\t\t\t\t\t<\/div>\n\t\t\t\t<\/div>\n\t\t\t\t\t<\/div>\n\t\t<\/div>\n\t\t\t\t\t<\/div>\n\t\t<\/section>\n\t\t\t\t<\/div>\n\t\t","protected":false},"excerpt":{"rendered":"<p>Escoles P\u00edes, 10908017 Barcelona(+34) 934 171 917 clinica@carriere.es Inhaber der Datenverarbeitung: Orthodontic Research and Development, S.L.Zweck: Ihre pers\u00f6nlichen Daten werden verarbeitet, um Ihre Anfragen nach Informationen, Vorschl\u00e4gen und\/oder Anfragen zu bearbeiten.Rechtsgrundlage: Berechtigtes Interesse.Empf\u00e4nger: Lieferanten von technologischen Produkten und Dienstleistungen.Rechte: Zugang, [&hellip;]<\/p>\n","protected":false},"author":3,"featured_media":0,"parent":0,"menu_order":0,"comment_status":"closed","ping_status":"closed","template":"elementor_header_footer","meta":{"om_disable_all_campaigns":false,"inline_featured_image":false,"footnotes":""},"class_list":["post-9076","page","type-page","status-publish","hentry"],"aioseo_notices":[],"_links":{"self":[{"href":"https:\/\/clinicacarriere.com\/de\/wp-json\/wp\/v2\/pages\/9076","targetHints":{"allow":["GET"]}}],"collection":[{"href":"https:\/\/clinicacarriere.com\/de\/wp-json\/wp\/v2\/pages"}],"about":[{"href":"https:\/\/clinicacarriere.com\/de\/wp-json\/wp\/v2\/types\/page"}],"author":[{"embeddable":true,"href":"https:\/\/clinicacarriere.com\/de\/wp-json\/wp\/v2\/users\/3"}],"replies":[{"embeddable":true,"href":"https:\/\/clinicacarriere.com\/de\/wp-json\/wp\/v2\/comments?post=9076"}],"version-history":[{"count":10,"href":"https:\/\/clinicacarriere.com\/de\/wp-json\/wp\/v2\/pages\/9076\/revisions"}],"predecessor-version":[{"id":10369,"href":"https:\/\/clinicacarriere.com\/de\/wp-json\/wp\/v2\/pages\/9076\/revisions\/10369"}],"wp:attachment":[{"href":"https:\/\/clinicacarriere.com\/de\/wp-json\/wp\/v2\/media?parent=9076"}],"curies":[{"name":"wp","href":"https:\/\/api.w.org\/{rel}","templated":true}]}}