{"id":9368,"date":"2022-03-17T11:55:29","date_gmt":"2022-03-17T11:55:29","guid":{"rendered":"https:\/\/clinicacarriere.com\/legal-notice\/"},"modified":"2024-07-22T09:58:35","modified_gmt":"2024-07-22T09:58:35","slug":"legal-notice","status":"publish","type":"page","link":"https:\/\/clinicacarriere.com\/ca\/legal-notice\/","title":{"rendered":"Av\u00eds Legal"},"content":{"rendered":"\t\t<div data-elementor-type=\"wp-page\" data-elementor-id=\"9368\" class=\"elementor elementor-9368 elementor-5653\" data-elementor-post-type=\"page\">\n\t\t\t\t\t\t<section class=\"elementor-section elementor-top-section elementor-element elementor-element-f3e4997 elementor-section-boxed elementor-section-height-default elementor-section-height-default edgtf-parallax-row-no edgtf-content-aligment-left edgtf-row-grid-no edgtf-disabled-bg-image-bellow-no\" data-id=\"f3e4997\" data-element_type=\"section\">\n\t\t\t\t\t\t<div class=\"elementor-container elementor-column-gap-default\">\n\t\t\t\t\t<div class=\"elementor-column elementor-col-100 elementor-top-column elementor-element elementor-element-cb76d65\" data-id=\"cb76d65\" data-element_type=\"column\">\n\t\t\t<div class=\"elementor-widget-wrap elementor-element-populated\">\n\t\t\t\t\t\t<div class=\"elementor-element elementor-element-4ffdd97 elementor-widget elementor-widget-heading\" data-id=\"4ffdd97\" data-element_type=\"widget\" data-widget_type=\"heading.default\">\n\t\t\t\t<div class=\"elementor-widget-container\">\n\t\t\t\t\t<h2 class=\"elementor-heading-title elementor-size-default\">Av\u00eds Legal<\/h2>\t\t\t\t<\/div>\n\t\t\t\t<\/div>\n\t\t\t\t<div class=\"elementor-element elementor-element-f3c4e01 elementor-widget elementor-widget-text-editor\" data-id=\"f3c4e01\" data-element_type=\"widget\" data-widget_type=\"text-editor.default\">\n\t\t\t\t<div class=\"elementor-widget-container\">\n\t\t\t\t\t\t\t\t\t<h4>1. Introducci\u00f3 i dades de la Companyia<\/h4><p>Aquestes s\u00f3n les Condicions d&#8217;\u00das de la p\u00e0gina web allotjada a <strong><a href=\"https:\/\/clinicacarriere.com\/ca\/\">www.clinicacarriere.com<\/a><\/strong> (la &#8220;Web&#8221;), titularitat d&#8217;Orthodontic Research and Development, SL, companyia espanyola amb domicili social al carrer San Pedro Claver 22, baixos, 08017 Barcelona ( Espanya), amb CIF B63545545 i inscrita al Registre Mercantil de Barcelona, \u200b\u200bfoli 103, tom 36751, full n\u00fam. B-285264 (la &#8220;Companyia&#8221;).<\/p><p>El Dr. Lu\u00eds Carriere pertany al Col\u00b7legi d&#8217;Odont\u00f2legs i Estomat\u00f2legs de Catalunya, amb n\u00famero de col\u00b7legiat 2030 i \u00e9s llicenciat en Odontologia per la Universitat Complutense de Madrid. L&#8217;estat de la Uni\u00f3 Europea d&#8217;expedici\u00f3 del t\u00edtol \u00e9s Espanya. La norma professional que regeix aquesta professi\u00f3 \u00e9s el Codi d&#8217;\u00c8tica i Deontologia Dental Espanyola, accessible <a href=\"https:\/\/www.codes.es\/wp-content\/uploads\/2018\/02\/codigo.pdf\" target=\"_blank\" rel=\"noopener\"><strong>aqu\u00ed<\/strong><\/a> .<\/p><p>Per comunicar-se amb la Companyia de manera directa i efectiva, podeu adre\u00e7ar-vos a l&#8217;adre\u00e7a de correu electr\u00f2nic <a href=\"mailto:clinica@carriere.es\" target=\"_blank\" rel=\"noopener\">clinica@carriere.es<\/a> o trucar al tel\u00e8fon +34 93 417 19 17.<\/p><h4>2. Objecte i \u00e0mbit daplicaci\u00f3<\/h4><p>Aquestes Condicions d&#8217;\u00das regulen l&#8217;acc\u00e9s i l&#8217;\u00fas dels continguts i serveis oferts per la Companyia a trav\u00e9s del web. En qualsevol moment, la Companyia es reserva el dret a modificar la presentaci\u00f3, configuraci\u00f3 i contingut de la Web, aix\u00ed com tamb\u00e9 les condicions requerides per al seu acc\u00e9s i \u00fas del Web. L&#8217;acc\u00e9s i la utilitzaci\u00f3 del Web despr\u00e9s de l&#8217;entrada en vigor de les modificacions en el contingut i\/o en les Condicions d&#8217;\u00fas, suposen l&#8217;acceptaci\u00f3 d&#8217;aquestes.<\/p><p>L&#8217;acc\u00e9s, la navegaci\u00f3 i l&#8217;\u00fas del Web comporta i suposa l&#8217;acceptaci\u00f3 per l&#8217;usuari del Web (l'&#8221;Usuari&#8221;) de les presents Condicions d&#8217;\u00das.<\/p><p>A trav\u00e9s del Web l&#8217;Usuari podr\u00e0 gaudir de les seg\u00fcents funcionalitats:<\/p><p>\u2022 Informaci\u00f3 corporativa sobre la Companyia.<br>\u2022 Informaci\u00f3 sobre els productes, serveis i activitats de la Companyia.<br>\u2022 Remissi\u00f3 de sol\u00b7licituds d&#8217;informaci\u00f3 i\/o consulta a trav\u00e9s de les vies habilitades a la Web, de conformitat amb les disposicions incloses a la <a href=\"https:\/\/clinicacarriere.com\/ca\/privacy-policy\/\"><strong>Pol\u00edtica de Privadesa<\/strong><\/a> .<\/p><p>L&#8217;acc\u00e9s a la Web \u00e9s gratu\u00eft, llevat dels costos de connexi\u00f3 a trav\u00e9s de la xarxa de telecomunicacions subministrada pel prove\u00efdor d&#8217;acc\u00e9s que l&#8217;Usuari hagi contractat.<\/p><h4>3. Obligacions de l&#8217;Usuari<\/h4><p>L&#8217;Usuari es compromet a:<\/p><p>\u2022 Accedir i utilitzar el web de conformitat amb el que estableix aquestes Condicions d&#8217;\u00das.<br>\u2022 Acceptar i complir el que estableixen les presents Condicions d&#8217;\u00das i en qualsevol document que en formi part integrant.<br>\u2022 Utilitzar els continguts, materials i informaci\u00f3 disponibles per a \u00fas intern i personal, i no per a la posterior distribuci\u00f3, publicaci\u00f3, exhibici\u00f3 p\u00fablica, preparaci\u00f3 d&#8217;obres derivades o per facilitar la realitzaci\u00f3 d&#8217;aquestes activitats de qualsevol altra manera.<br>\u2022 No utilitzar els continguts, materials i informaci\u00f3 disponibles per a la presa de decisions.<br>\u2022 No alterar ni manipular de qualsevol manera els continguts de la web.<br>\u2022 No emmagatzemar ni comunicar a trav\u00e9s del Web continguts que siguin contraris a la legislaci\u00f3 vigent, la moral, l&#8217;ordre p\u00fablic, aix\u00ed com aquells que tinguin car\u00e0cter difamatori, agressiu, obsc\u00e8, sexualment expl\u00edcit, ofensiu, violent o amb incitaci\u00f3 a la viol\u00e8ncia , racisme o xenof\u00f2bia, o en general de car\u00e0cter il\u00b7legal o lesiu de drets i\/o de la integritat f\u00edsica i\/o moral de les persones.<br>\u2022 No difondre dades personals d&#8217;altres Usuaris o de qualssevol tercers, sense tenir-ne legitimaci\u00f3 de conformitat amb la legislaci\u00f3 aplicable.<br>\u2022 No difamar, abusar, molestar, assetjar, amena\u00e7ar o vulnerar de qualsevol altra manera qualsevol dret d&#8217;altres usuaris o de qualsevol altra persona.<br>\u2022 No eliminar o intentar suprimir qualsevol mesura de seguretat adoptada i implantada a la Web.<br>\u2022 Complir el que estableix la legislaci\u00f3 vigent.<\/p><h4>4. Drets de propietat intel\u00b7lectual i industrial<\/h4><p>La Companyia \u00e9s titular o ha obtingut la llic\u00e8ncia corresponent sobre els drets d&#8217;explotaci\u00f3 de propietat intel\u00b7lectual i industrial del Web, aix\u00ed com dels drets de propietat intel\u00b7lectual i industrial sobre la disposici\u00f3 dels continguts de la Web (dret sui generis sobre la base de dades), el seu disseny gr\u00e0fic (look &amp; feel), els programes d&#8217;ordinador subjacents (inclosos els codis font), aix\u00ed com els diferents elements que integren la Web (textos, gr\u00e0fics, fotografies, v\u00eddeos, enregistraments sonors, etc.), aix\u00ed com els programes dordinador utilitzats en relaci\u00f3 amb aquesta.<\/p><p>En cap cas, l&#8217;acc\u00e9s, navegaci\u00f3, utilitzaci\u00f3, allotjament i\/o desc\u00e0rrega de continguts, materials i informaci\u00f3 de la Web es podr\u00e0 entendre com una ren\u00fancia o cessi\u00f3 total ni parcial dels drets abans indicats per part de la Companyia o, en la seva cas, del titular dels drets corresponents. L&#8217;Usuari \u00fanicament est\u00e0 legitimat per utilitzar els drets de propietat intel\u00b7lectual i industrial amb la finalitat exclusiva d&#8217;accedir als continguts, materials i informaci\u00f3 que s&#8217;ofereixin a trav\u00e9s del Web.<\/p><p>En conseq\u00fc\u00e8ncia, no est\u00e0 perm\u00e8s suprimir, eludir o manipular l&#8217;av\u00eds de drets d&#8217;autor (&#8220;copyright&#8221;) i altres dades d&#8217;identificaci\u00f3 dels drets de la Companyia o dels seus respectius titulars incorporats als continguts, aix\u00ed com els dispositius t\u00e8cnics de protecci\u00f3 o qualsevol mecanisme d&#8217;informaci\u00f3 i\/o d&#8217;identificaci\u00f3 que s&#8217;hi puguin contenir.<\/p><p>En particular, queda terminantment prohibida la utilitzaci\u00f3 dels continguts de la Web per a la seva inclusi\u00f3, total o parcial, en altres p\u00e0gines web alienes a la Web sense comptar amb lautoritzaci\u00f3 pr\u00e8via i per escrit de la Companyia, aix\u00ed com realitzar enginyeria inversa, descompilar , desassemblar, combinar, copiar, utilitzar, divulgar, vendre o transferir el programari subjacent de la Web, llevat que s&#8217;hagu\u00e9s obtingut l&#8217;autoritzaci\u00f3 pr\u00e8via i per escrit de la Companyia o ho permeti la legislaci\u00f3 aplicable.<\/p><p>Les refer\u00e8ncies a noms i marques comercials, logotips o altres signes distintius, registrats o no, ja siguin titularitat de la Companyia o de tercers, porten impl\u00edcites la prohibici\u00f3 sobre el seu \u00fas sense el consentiment de la Companyia o dels seus titulars leg\u00edtims. En cap moment, excepte manifestaci\u00f3 expressa, l&#8217;acc\u00e9s o \u00fas de la Web i\/o dels seus continguts, materials i informaci\u00f3 confereix a l&#8217;Usuari cap dret sobre les marques, logotips i\/o signes distintius inclosos protegits per llei.<\/p><p>Queden reservats tots els drets de propietat intel\u00b7lectual i industrial i, en particular, queda prohibit modificar, copiar, reutilitzar, explotar, reproduir, transformar, comunicar p\u00fablicament, fer segones o posteriors publicacions, carregar arxius, enviar per correu, transmetre, fer servir, tractar o distribuir de qualsevol manera la totalitat o part dels continguts inclosos a la Web per a prop\u00f2sits p\u00fablics o comercials, si no es compta amb la pr\u00e8via autoritzaci\u00f3 per escrit de la Companyia o, si escau, del titular dels drets corresponents.<\/p><p>Els Usuaris mantindran indemne a la Companyia, aix\u00ed com a qualssevol tercers llicenciants d&#8217;aquesta, davant de qualsevol reclamaci\u00f3 que pugui rebre de tercers els drets de propietat intel\u00b7lectual i\/o industrial dels quals hagin pogut veure&#8217;s vulnerats per l&#8217;\u00fas que dels mateixos hagin realitzat els Usuaris.<\/p><h4>5. Responsabilitats<\/h4><p>La Companyia no pot garantir la fiabilitat, utilitat o veracitat de la informaci\u00f3 que es faciliti a trav\u00e9s del web.<\/p><p>En conseq\u00fc\u00e8ncia, la Companyia no garanteix ni es fa responsable de: (i) la continu\u00eftat dels continguts, materials i informaci\u00f3 de la Web; (ii) l&#8217;abs\u00e8ncia d&#8217;errors en aquests continguts; (iii) l&#8217;abs\u00e8ncia de virus i\/o altres components nocius a la web o al servidor que la subministra; (iv) la invulnerabilitat de la Web i\/o la inexpugnabilitat de les mesures de seguretat que s&#8217;hi adoptin; (v) la manca d&#8217;utilitat o rendiment dels continguts, materials i informaci\u00f3 de la web, i (vi) els danys o perjudicis que causi, a si mateix oa un tercer, qualsevol persona que infring\u00eds les condicions, normes i instruccions que la Companyia estableix a la Web oa trav\u00e9s de la vulneraci\u00f3 dels sistemes de seguretat de la Web.<\/p><p>Sense perjudici de l&#8217;anterior, la Companyia declara que ha adoptat totes les mesures necess\u00e0ries, dins de les seves possibilitats i de l&#8217;estat de la tecnologia, per garantir el funcionament del web i evitar l&#8217;exist\u00e8ncia i la transmissi\u00f3 de virus i altres components perjudicials als usuaris . Si l&#8217;Usuari tingu\u00e9s coneixement de l&#8217;exist\u00e8ncia d&#8217;algun contingut il\u00b7l\u00edcit, il\u00b7legal o que pogu\u00e9s suposar una infracci\u00f3 de drets de propietat intel\u00b7lectual i\/o industrial ho haur\u00e0 de notificar immediatament a la Companyia perqu\u00e8 aquesta pugui procedir a l&#8217;adopci\u00f3 de les mesures oportunes.<\/p><h4>6. Contingut<\/h4><p>Els materials, continguts, aix\u00ed com qualsevol altra informaci\u00f3 del Web s\u00f3n exclusivament per a fins informatius i resulten insuficients per a la presa de decisions per l&#8217;Usuari.<\/p><h4>7. Pol\u00edtica denlla\u00e7os<\/h4><h6>7.1 Enlla\u00e7os a altres p\u00e0gines web<\/h6><p>Per tal d&#8217;ajudar els usuaris a trobar informaci\u00f3 del vostre inter\u00e8s, la web pot oferir enlla\u00e7os a altres p\u00e0gines web a trav\u00e9s de diferents botons, banners, enlla\u00e7os, etc. que s\u00f3n gestionats per tercers. La Companyia no t\u00e9 facultat ni mitjans humans o t\u00e8cnics per con\u00e8ixer, controlar ni aprovar tota la informaci\u00f3, continguts, productes o serveis facilitats per altres p\u00e0gines web a qu\u00e8 s&#8217;enlla\u00e7a des de la Web.<\/p><p>En conseq\u00fc\u00e8ncia, la Companyia no assumeix cap tipus de responsabilitat per qualsevol aspecte relatiu a la p\u00e0gina web a qu\u00e8 es pogu\u00e9s establir un enlla\u00e7 des de la Web, en concret, a t\u00edtol enunciatiu i no taxatiu, sobre el seu funcionament, acc\u00e9s, dades, informaci\u00f3 , arxius, qualitat i fiabilitat dels seus productes i serveis, els seus propis enlla\u00e7os i\/o qualsevol dels seus continguts, en general.<\/p><p>En aquest sentit, si els Usuaris tingueren coneixement efectiu de la il\u00b7licitud d&#8217;activitats desenvolupades a trav\u00e9s d&#8217;aquestes p\u00e0gines web de tercers ho hauran de comunicar immediatament a la Companyia als efectes que es procedeixi a deshabilitar l&#8217;enlla\u00e7 d&#8217;acc\u00e9s a aquesta.<\/p><p>L&#8217;establiment de qualsevol tipus d&#8217;enlla\u00e7 des de la web a una altra p\u00e0gina web aliena no implicar\u00e0 que hi hagi algun tipus de relaci\u00f3, col\u00b7laboraci\u00f3 o depend\u00e8ncia entre la companyia i el responsable de la p\u00e0gina web aliena.<\/p><h6>7.2 Enlla\u00e7os en altres p\u00e0gines web amb destinaci\u00f3 a la Web<\/h6><p>Si qualsevol Usuari o entitat volgu\u00e9s establir algun tipus d&#8217;enlla\u00e7 amb destinaci\u00f3 a la Web haur\u00e0 d&#8217;atenir-se a les estipulacions seg\u00fcents:<\/p><p>\u2022 L&#8217;enlla\u00e7 nom\u00e9s es podr\u00e0 dirigir a la p\u00e0gina principal o home de la Web, excepte autoritzaci\u00f3 per escrit de la Companyia.<br>\u2022 L&#8217;enlla\u00e7 ha de ser absolut i complet, \u00e9s a dir, ha de portar l&#8217;usuari, mitjan\u00e7ant un clic, a la pr\u00f2pia adre\u00e7a URL de la web a qu\u00e8 es refereixi i ha d&#8217;abastar completament tota l&#8217;extensi\u00f3 de la pantalla de la p\u00e0gina principal del web que es tracti. En cap cas, tret que la Companyia ho autoritzi per escrit, la p\u00e0gina web que realitza l&#8217;enlla\u00e7 podr\u00e0 reproduir, de qualsevol manera, la Web, incloure-la com a part de la seva p\u00e0gina web o dins d&#8217;un dels seus &#8220;frames&#8221; o crear un &#8221; browser&#8221; sobre qualsevol de les p\u00e0gines de la Web.<br>\u2022 A la p\u00e0gina on s&#8217;estableix l&#8217;enlla\u00e7 no es podr\u00e0 declarar de cap manera que la Companyia ha autoritzat aquest enlla\u00e7, llevat que la Companyia ho hagi fet per escrit. Si el tercer que realitza l&#8217;enlla\u00e7 des de la seva p\u00e0gina a la Web correctament volgu\u00e9s incloure a la seva p\u00e0gina web la marca, denominaci\u00f3, nom comercial, r\u00e8tol, logotip, esl\u00f2gan o qualsevol altre tipus d&#8217;element identificatiu de la Companyia i\/o del Web, haur\u00e0 de comptar pr\u00e8viament amb la vostra autoritzaci\u00f3 per escrit.<br>\u2022 La Companyia no autoritza l&#8217;establiment d&#8217;un enlla\u00e7 a la Web des d&#8217;aquelles p\u00e0gines web que continguin materials, informaci\u00f3 o continguts il\u00b7l\u00edcits, il\u00b7legals, degradants, obscens i, en general, que contravinguin la moral, l&#8217;ordre p\u00fablic o les normes socials generalment acceptades.<\/p><h4>8. Comunicacions comercials no sol\u00b7licitades per correu electr\u00f2nic (spam)<\/h4><p>La Companyia prohibeix l&#8217;\u00fas del web per generar o enviar comunicacions comercials no sol\u00b7licitades per correu electr\u00f2nic. Si la Companyia considera que certa informaci\u00f3 pot ser d&#8217;inter\u00e8s per a l&#8217;Usuari, la Companyia es reserva el dret a remetre per correu electr\u00f2nic aquesta informaci\u00f3 sempre que disposi de legitimaci\u00f3 suficient per fer-ho, oferint-li en tot cas la possibilitat de donar-se de baixa d&#8217;aquest. servei.<\/p><h4>9. Modificaci\u00f3 de les condicions d&#8217;\u00fas<\/h4><p>La Companyia podr\u00e0 modificar els termes i condicions aqu\u00ed estipulats, totalment o parcialment, publicant qualsevol canvi de la mateixa manera com apareixen les presents Condicions d&#8217;\u00das oa trav\u00e9s de qualsevol tipus de comunicaci\u00f3 adre\u00e7ada als Usuaris.<\/p><p>La vig\u00e8ncia temporal de les Condicions d&#8217;\u00das coincideix, per tant, amb el temps en qu\u00e8 romanguin a disposici\u00f3 dels Usuaris fins que siguin modificades totalment o parcialment, moment en qu\u00e8 passaran a tenir vig\u00e8ncia les Condicions d&#8217;\u00das modificades. Sense perjudici de l&#8217;anterior, l&#8217;acc\u00e9s per part dels Usuaris a la Web implicar\u00e0 l&#8217;acceptaci\u00f3 expressa de les modificacions que s&#8217;hagin introdu\u00eft a les presents Condicions d&#8217;\u00das.<\/p><p>La Companyia podr\u00e0 donar per acabat, suspendre o interrompre, en qualsevol moment sense necessitat de preav\u00eds, l&#8217;acc\u00e9s als continguts, materials i informaci\u00f3 de la Web, sense possibilitat per part dels Usuaris d&#8217;exigir cap indemnitzaci\u00f3. Despr\u00e9s d&#8217;haver finalitzat la causa de suspensi\u00f3 o interrupci\u00f3, continuaran vigents les prohibicions d&#8217;\u00fas dels continguts, materials i informaci\u00f3 exposades anteriorment a les presents Condicions d&#8217;\u00das.<\/p><h4>10. Generalitats<\/h4><p>Els encap\u00e7alaments de les diferents cl\u00e0usules nom\u00e9s s\u00f3n informatius, i no afectaran, qualificaran o ampliaran la interpretaci\u00f3 de les presents Condicions d&#8217;\u00das.<\/p><p>En el cas que qualsevol disposici\u00f3 o disposicions d&#8217;aquestes Condicions d&#8217;\u00das fos(n) considerada(es) nul\u00b7la(s) o inaplicable(s), \u00edntegrament o en part, per qualsevol Jutjat, Tribunal o \u00f2rgan administratiu competent, aquesta nul\u00b7litat o inaplicaci\u00f3 no afectar\u00e0 la resta de disposicions de les Condicions d&#8217;\u00das.<\/p><p>El no exercici o execuci\u00f3 per part de la Companyia de qualsevol dret o disposici\u00f3 continguda en aquestes Condicions d&#8217;\u00das no constituir\u00e0 una ren\u00fancia, llevat de reconeixement i acord per escrit per part seva.<\/p><h4>11. Llei i jurisdicci\u00f3 aplicable<\/h4><p>Les relacions establertes entre la Companyia i l&#8217;Usuari es regiran per les lleis del Regne d&#8217;Espanya, sense perjudici que pogu\u00e9s resultar aplicable una altra legislaci\u00f3 en virtut del que disposa la normativa espanyola i comunit\u00e0ria vigent en relaci\u00f3 amb la legislaci\u00f3 aplicable i la jurisdicci\u00f3 competent . No obstant aix\u00f2, per als casos en qu\u00e8 la normativa prevegi la possibilitat a les parts de sotmetre&#8217;s a un fur, la Companyia i els Usuaris, amb ren\u00fancia expressa a qualsevol altre fur que els pogu\u00e9s correspondre, sotmetran qualssevol controv\u00e8rsies i\/o litigis al coneixement de els Jutjats i Tribunals de la ciutat de Barcelona.<\/p><p><strong>Data de creaci\u00f3<\/strong> : juliol 2024<\/p>\t\t\t\t\t\t\t\t<\/div>\n\t\t\t\t<\/div>\n\t\t\t\t\t<\/div>\n\t\t<\/div>\n\t\t\t\t\t<\/div>\n\t\t<\/section>\n\t\t\t\t<\/div>\n\t\t","protected":false},"excerpt":{"rendered":"<p>1. Introducci\u00f3 i dades de la Companyia Aquestes s\u00f3n les Condicions d&#8217;\u00das de la p\u00e0gina web allotjada a www.clinicacarriere.com (la &#8220;Web&#8221;), titularitat d&#8217;Orthodontic Research and Development, SL, companyia espanyola amb domicili social al carrer San Pedro Claver 22, baixos, 08017 [&hellip;]<\/p>\n","protected":false},"author":3,"featured_media":0,"parent":0,"menu_order":0,"comment_status":"closed","ping_status":"closed","template":"","meta":{"om_disable_all_campaigns":false,"inline_featured_image":false,"footnotes":""},"class_list":["post-9368","page","type-page","status-publish","hentry"],"aioseo_notices":[],"_links":{"self":[{"href":"https:\/\/clinicacarriere.com\/ca\/wp-json\/wp\/v2\/pages\/9368","targetHints":{"allow":["GET"]}}],"collection":[{"href":"https:\/\/clinicacarriere.com\/ca\/wp-json\/wp\/v2\/pages"}],"about":[{"href":"https:\/\/clinicacarriere.com\/ca\/wp-json\/wp\/v2\/types\/page"}],"author":[{"embeddable":true,"href":"https:\/\/clinicacarriere.com\/ca\/wp-json\/wp\/v2\/users\/3"}],"replies":[{"embeddable":true,"href":"https:\/\/clinicacarriere.com\/ca\/wp-json\/wp\/v2\/comments?post=9368"}],"version-history":[{"count":3,"href":"https:\/\/clinicacarriere.com\/ca\/wp-json\/wp\/v2\/pages\/9368\/revisions"}],"predecessor-version":[{"id":9947,"href":"https:\/\/clinicacarriere.com\/ca\/wp-json\/wp\/v2\/pages\/9368\/revisions\/9947"}],"wp:attachment":[{"href":"https:\/\/clinicacarriere.com\/ca\/wp-json\/wp\/v2\/media?parent=9368"}],"curies":[{"name":"wp","href":"https:\/\/api.w.org\/{rel}","templated":true}]}}